{"id":308,"date":"2020-01-13T11:17:52","date_gmt":"2020-01-13T11:17:52","guid":{"rendered":"https:\/\/demosites.io\/web-agency-gb\/?page_id=5"},"modified":"2022-10-18T14:46:58","modified_gmt":"2022-10-18T14:46:58","slug":"15c42-web-agency-gb-home","status":"publish","type":"page","link":"https:\/\/www.hotla-bau.de\/","title":{"rendered":"Home"},"content":{"rendered":"\n<div class=\"wp-block-cover alignfull\" style=\"min-height:700px\"><span aria-hidden=\"true\" class=\"wp-block-cover__background has-background-dim-60 has-background-dim wp-block-cover__gradient-background has-background-gradient\" style=\"background:radial-gradient(rgb(255,255,255) 56%,rgb(31,142,11) 100%)\"><\/span><img loading=\"lazy\" width=\"1134\" height=\"684\" class=\"wp-block-cover__image-background wp-image-418\" alt=\"\" src=\"https:\/\/www.hotla-bau.de\/wp-content\/uploads\/2022\/10\/gartenbau_final.jpg\" style=\"object-position:34% 100%\" data-object-fit=\"cover\" data-object-position=\"34% 100%\" srcset=\"https:\/\/www.hotla-bau.de\/wp-content\/uploads\/2022\/10\/gartenbau_final.jpg 1134w, https:\/\/www.hotla-bau.de\/wp-content\/uploads\/2022\/10\/gartenbau_final-300x181.jpg 300w, https:\/\/www.hotla-bau.de\/wp-content\/uploads\/2022\/10\/gartenbau_final-1024x618.jpg 1024w, https:\/\/www.hotla-bau.de\/wp-content\/uploads\/2022\/10\/gartenbau_final-768x463.jpg 768w\" sizes=\"(max-width: 1134px) 100vw, 1134px\" \/><div class=\"wp-block-cover__inner-container\">\n<div style=\"height:80px\" aria-hidden=\"true\" class=\"wp-block-spacer\"><\/div>\n\n\n\n<h1 class=\"has-text-align-center has-text-color\" style=\"color:#121212\">HOTLA BAU<br>Garten- &amp; Pflastersteinarbeiten<\/h1>\n\n\n\n<p class=\"has-text-align-center has-text-color\" style=\"color:#121212;font-size:17px\">Gartenbau &#8211; Erd- &amp; Aushubarbeiten &#8211; Pflasterarbeiten aller Art &#8211; Baggerarbeiten &#8211; Abbrucharbeiten<\/p>\n\n\n\n<div class=\"wp-container-1 is-horizontal is-content-justification-center wp-block-buttons\">\n<div class=\"wp-block-button is-style-primary\"><a class=\"wp-block-button__link\" href=\"tel:017634929585\">0176 \/ 349 29 585<\/a><\/div>\n\n\n\n<div class=\"wp-block-button is-style-secondary\"><a class=\"wp-block-button__link\" href=\"mailto:info@hotla-bau.de\">info@hotla-bau.de<\/a><\/div>\n<\/div>\n\n\n\n<div style=\"height:80px\" aria-hidden=\"true\" class=\"wp-block-spacer\"><\/div>\n\n\n\n<div style=\"height:80px\" aria-hidden=\"true\" class=\"wp-block-spacer\"><\/div>\n<\/div><\/div>\n\n\n\n<div style=\"height:80px\" aria-hidden=\"true\" class=\"wp-block-spacer\"><\/div>\n\n\n\n<div class=\"wp-container-5 wp-block-columns\">\n<div class=\"wp-container-2 wp-block-column\"><div class=\"wp-block-image icon-style is-style-rounded\">\n<figure class=\"aligncenter size-full is-resized\"><img loading=\"lazy\" src=\"https:\/\/www.hotla-bau.de\/wp-content\/uploads\/2022\/10\/download.png\" alt=\"\" class=\"wp-image-365\" width=\"80\" height=\"80\" title=\"\" srcset=\"https:\/\/www.hotla-bau.de\/wp-content\/uploads\/2022\/10\/download.png 225w, https:\/\/www.hotla-bau.de\/wp-content\/uploads\/2022\/10\/download-150x150.png 150w\" sizes=\"(max-width: 80px) 100vw, 80px\" \/><\/figure><\/div>\n\n\n<h3 class=\"has-text-align-center has-neve-text-color-color has-text-color\">Termintreue<\/h3>\n\n\n\n<p class=\"has-text-align-center\">Was wir versprechen das halten wir auch ein. Jede Arbeit braucht seine Zeit. Wir versichern Ihnen das wir Termine ernst nehmen und diese einhalten.<\/p>\n\n\n\n<div style=\"height:20px\" aria-hidden=\"true\" class=\"wp-block-spacer\"><\/div>\n<\/div>\n\n\n\n<div class=\"wp-container-3 wp-block-column\"><div class=\"wp-block-image icon-style is-style-rounded\">\n<figure class=\"aligncenter size-full is-resized\"><img loading=\"lazy\" src=\"https:\/\/www.hotla-bau.de\/wp-content\/uploads\/2022\/10\/download.png\" alt=\"\" class=\"wp-image-365\" width=\"80\" height=\"80\" title=\"\" srcset=\"https:\/\/www.hotla-bau.de\/wp-content\/uploads\/2022\/10\/download.png 225w, https:\/\/www.hotla-bau.de\/wp-content\/uploads\/2022\/10\/download-150x150.png 150w\" sizes=\"(max-width: 80px) 100vw, 80px\" \/><\/figure><\/div>\n\n\n<h3 class=\"has-text-align-center has-neve-text-color-color has-text-color\">Qualit\u00e4t<\/h3>\n\n\n\n<p class=\"has-text-align-center\">Arbeiten erledigen wir stets zu Ihrer Zufriedenheit basiert auf langj\u00e4hriger Erfahrungen und das richtige Material.<\/p>\n\n\n\n<div style=\"height:20px\" aria-hidden=\"true\" class=\"wp-block-spacer\"><\/div>\n<\/div>\n\n\n\n<div class=\"wp-container-4 wp-block-column\"><div class=\"wp-block-image icon-style is-style-rounded\">\n<figure class=\"aligncenter size-full is-resized\"><img loading=\"lazy\" src=\"https:\/\/www.hotla-bau.de\/wp-content\/uploads\/2022\/10\/download.png\" alt=\"\" class=\"wp-image-365\" width=\"80\" height=\"80\" title=\"\" srcset=\"https:\/\/www.hotla-bau.de\/wp-content\/uploads\/2022\/10\/download.png 225w, https:\/\/www.hotla-bau.de\/wp-content\/uploads\/2022\/10\/download-150x150.png 150w\" sizes=\"(max-width: 80px) 100vw, 80px\" \/><\/figure><\/div>\n\n\n<h3 class=\"has-text-align-center has-neve-text-color-color has-text-color\">Schnelligkeit<\/h3>\n\n\n\n<p class=\"has-text-align-center\">Wir erledigen auch kurzfristige Arbeiten sehr schnell und zuverl\u00e4ssig. Auch Notf\u00e4lle sind keine Herausforderung f\u00fcr uns. Dazu gen\u00fcgt ein Anruf.<\/p>\n\n\n\n<div style=\"height:20px\" aria-hidden=\"true\" class=\"wp-block-spacer\"><\/div>\n<\/div>\n<\/div>\n\n\n\n<div style=\"height:80px\" aria-hidden=\"true\" class=\"wp-block-spacer\"><\/div>\n\n\n\n<div class=\"wp-block-cover alignfull\" style=\"min-height:600px\"><span aria-hidden=\"true\" class=\"wp-block-cover__background has-nv-light-bg-background-color has-background-dim-100 has-background-dim\"><\/span><div class=\"wp-block-cover__inner-container\">\n<div class=\"wp-container-10 wp-block-group\"><div class=\"wp-block-group__inner-container\">\n<div style=\"height:80px\" aria-hidden=\"true\" class=\"wp-block-spacer\"><\/div>\n\n\n\n<div class=\"wp-container-9 wp-block-columns are-vertically-aligned-center\">\n<div class=\"wp-container-6 wp-block-column is-vertically-aligned-center\" style=\"flex-basis:50%\">\n<figure class=\"wp-block-image size-large\"><img loading=\"lazy\" width=\"1024\" height=\"638\" src=\"https:\/\/www.hotla-bau.de\/wp-content\/uploads\/2022\/10\/gartenbau_1-1024x638.jpg\" alt=\"\" class=\"wp-image-420\" srcset=\"https:\/\/www.hotla-bau.de\/wp-content\/uploads\/2022\/10\/gartenbau_1-1024x638.jpg 1024w, https:\/\/www.hotla-bau.de\/wp-content\/uploads\/2022\/10\/gartenbau_1-300x187.jpg 300w, https:\/\/www.hotla-bau.de\/wp-content\/uploads\/2022\/10\/gartenbau_1-768x478.jpg 768w, https:\/\/www.hotla-bau.de\/wp-content\/uploads\/2022\/10\/gartenbau_1-1536x957.jpg 1536w, https:\/\/www.hotla-bau.de\/wp-content\/uploads\/2022\/10\/gartenbau_1.jpg 2016w\" sizes=\"(max-width: 1024px) 100vw, 1024px\" \/><\/figure>\n<\/div>\n\n\n\n<div class=\"wp-container-8 wp-block-column is-vertically-aligned-center\" style=\"flex-basis:50%\">\n<div style=\"height:20px\" aria-hidden=\"true\" class=\"wp-block-spacer\"><\/div>\n\n\n\n<h2 class=\"has-text-align-left has-neve-text-color-color has-text-color\">Garten- &amp; Zaunarbeiten<\/h2>\n\n\n\n<p class=\"has-text-align-left has-neve-text-color-color has-text-color\" style=\"font-size:17px\"><strong>Ein sch\u00f6ner Garten muss nicht immer teuer sein.<\/strong> <br>Bereits durch eine richtige Planung und die Auswahl der richtigen Materialien k\u00f6nnen die Kosten enorm gesenkt werden. Unsere langj\u00e4hrige Erfahrung bringen wir gerne f\u00fcr Sie ein und erstellen Ihnen Ihr pers\u00f6nliches und individuelles Angebot.<\/p>\n\n\n\n<div class=\"wp-container-7 is-horizontal is-content-justification-left wp-block-buttons\">\n<div class=\"wp-block-button is-style-primary\"><a class=\"wp-block-button__link\" href=\"mailto:info@hotla-bau.de\">ZUM ANGEBOT<\/a><\/div>\n<\/div>\n<\/div>\n<\/div>\n\n\n\n<div style=\"height:40px\" aria-hidden=\"true\" class=\"wp-block-spacer\"><\/div>\n<\/div><\/div>\n<\/div><\/div>\n\n\n\n<div class=\"wp-block-cover alignfull\" style=\"min-height:600px\"><span aria-hidden=\"true\" class=\"wp-block-cover__background has-nv-site-bg-background-color has-background-dim-100 has-background-dim\"><\/span><div class=\"wp-block-cover__inner-container\">\n<div class=\"wp-container-15 wp-block-group\"><div class=\"wp-block-group__inner-container\">\n<div style=\"height:80px\" aria-hidden=\"true\" class=\"wp-block-spacer\"><\/div>\n\n\n\n<div class=\"wp-container-14 wp-block-columns are-vertically-aligned-center\">\n<div class=\"wp-container-12 wp-block-column is-vertically-aligned-center\" style=\"flex-basis:50%\">\n<h2 class=\"has-text-align-left has-neve-text-color-color has-text-color\">Erd- &amp; Aushubarbeiten<\/h2>\n\n\n\n<p class=\"has-text-align-left has-neve-text-color-color has-text-color\" style=\"font-size:17px\">Zwecke einer Bauma\u00dfnahme oder \u00e4hnliches sind Erd-&amp; Aushubarbeiten der erste Schritt f\u00fcr ein erfolgreiches und zufriedenstellendes Projekt. <\/p>\n\n\n\n<p class=\"has-text-align-left has-neve-text-color-color has-text-color\" style=\"font-size:17px\"><strong>Was passiert mit dem Aushub? <br><\/strong>Sowohl der Aushub als auch die Entsorgung \u00fcbernehmen wir f\u00fcr Sie.<\/p>\n\n\n\n<div class=\"wp-container-11 is-horizontal is-content-justification-left wp-block-buttons\">\n<div class=\"wp-block-button is-style-primary\"><a class=\"wp-block-button__link\" href=\"mailto:info@hotla-bau.de\">JETZT ANFRAGEN<\/a><\/div>\n<\/div>\n\n\n\n<div style=\"height:40px\" aria-hidden=\"true\" class=\"wp-block-spacer\"><\/div>\n<\/div>\n\n\n\n<div class=\"wp-container-13 wp-block-column is-vertically-aligned-center\" style=\"flex-basis:50%\">\n<figure class=\"wp-block-image size-large\"><img loading=\"lazy\" width=\"1024\" height=\"999\" src=\"https:\/\/www.hotla-bau.de\/wp-content\/uploads\/2022\/10\/aushub-1024x999.jpg\" alt=\"\" class=\"wp-image-421\" srcset=\"https:\/\/www.hotla-bau.de\/wp-content\/uploads\/2022\/10\/aushub-1024x999.jpg 1024w, https:\/\/www.hotla-bau.de\/wp-content\/uploads\/2022\/10\/aushub-300x293.jpg 300w, https:\/\/www.hotla-bau.de\/wp-content\/uploads\/2022\/10\/aushub-768x749.jpg 768w, https:\/\/www.hotla-bau.de\/wp-content\/uploads\/2022\/10\/aushub.jpg 1152w\" sizes=\"(max-width: 1024px) 100vw, 1024px\" \/><figcaption>excavator at work<\/figcaption><\/figure>\n<\/div>\n<\/div>\n\n\n\n<div style=\"height:40px\" aria-hidden=\"true\" class=\"wp-block-spacer\"><\/div>\n<\/div><\/div>\n<\/div><\/div>\n\n\n\n<div class=\"wp-block-cover alignfull\" style=\"min-height:600px\"><span aria-hidden=\"true\" class=\"wp-block-cover__background has-nv-light-bg-background-color has-background-dim-100 has-background-dim\"><\/span><div class=\"wp-block-cover__inner-container\">\n<div class=\"wp-container-20 wp-block-group\"><div class=\"wp-block-group__inner-container\">\n<div style=\"height:80px\" aria-hidden=\"true\" class=\"wp-block-spacer\"><\/div>\n\n\n\n<div class=\"wp-container-19 wp-block-columns are-vertically-aligned-center\">\n<div class=\"wp-container-16 wp-block-column is-vertically-aligned-center\" style=\"flex-basis:50%\">\n<figure class=\"wp-block-image size-large\"><img loading=\"lazy\" width=\"1024\" height=\"654\" src=\"https:\/\/www.hotla-bau.de\/wp-content\/uploads\/2022\/10\/pflasterarbeiten-1024x654.jpg\" alt=\"\" class=\"wp-image-422\" srcset=\"https:\/\/www.hotla-bau.de\/wp-content\/uploads\/2022\/10\/pflasterarbeiten-1024x654.jpg 1024w, https:\/\/www.hotla-bau.de\/wp-content\/uploads\/2022\/10\/pflasterarbeiten-300x192.jpg 300w, https:\/\/www.hotla-bau.de\/wp-content\/uploads\/2022\/10\/pflasterarbeiten-768x491.jpg 768w, https:\/\/www.hotla-bau.de\/wp-content\/uploads\/2022\/10\/pflasterarbeiten.jpg 1512w\" sizes=\"(max-width: 1024px) 100vw, 1024px\" \/><figcaption>stones<\/figcaption><\/figure>\n<\/div>\n\n\n\n<div class=\"wp-container-18 wp-block-column is-vertically-aligned-center\" style=\"flex-basis:50%\">\n<div style=\"height:20px\" aria-hidden=\"true\" class=\"wp-block-spacer\"><\/div>\n\n\n\n<h2 class=\"has-text-align-left has-neve-text-color-color has-text-color\">Pflasterarbeiten aller Art<\/h2>\n\n\n\n<p class=\"has-text-align-left has-neve-text-color-color has-text-color\" style=\"font-size:17px\">Zu einem sch\u00f6nen und aufger\u00e4umten Garten d\u00fcrfen in den allermeisten F\u00e4llen die Pflasterarbeiten nicht fehlen. <\/p>\n\n\n\n<p class=\"has-text-align-left has-neve-text-color-color has-text-color\" style=\"font-size:17px\"><strong>Ob Randsteine, Laufwege oder Sonstiges, wir erledigen f\u00fcr Sie alles aus eine Hand.<\/strong><\/p>\n\n\n\n<div class=\"wp-container-17 is-horizontal is-content-justification-left wp-block-buttons\">\n<div class=\"wp-block-button is-style-primary\"><a class=\"wp-block-button__link\" href=\"mailto:info@hotla-bau.de\">ZUM ANGEBOT<\/a><\/div>\n<\/div>\n<\/div>\n<\/div>\n\n\n\n<div style=\"height:40px\" aria-hidden=\"true\" class=\"wp-block-spacer\"><\/div>\n<\/div><\/div>\n<\/div><\/div>\n\n\n\n<div class=\"wp-block-cover alignfull\" style=\"min-height:600px\"><span aria-hidden=\"true\" class=\"wp-block-cover__background has-nv-site-bg-background-color has-background-dim-100 has-background-dim\"><\/span><div class=\"wp-block-cover__inner-container\">\n<div class=\"wp-container-25 wp-block-group\"><div class=\"wp-block-group__inner-container\">\n<div style=\"height:80px\" aria-hidden=\"true\" class=\"wp-block-spacer\"><\/div>\n\n\n\n<div class=\"wp-container-24 wp-block-columns are-vertically-aligned-center\">\n<div class=\"wp-container-22 wp-block-column is-vertically-aligned-center\" style=\"flex-basis:50%\">\n<h2 class=\"has-text-align-left has-neve-text-color-color has-text-color\">Baggerarbeiten<\/h2>\n\n\n\n<p class=\"has-text-align-left has-neve-text-color-color has-text-color\" style=\"font-size:17px\">Unter Umst\u00e4nden kann es bei Projekten zu Baggerarbeiten kommen, die wir selbst durchf\u00fchren k\u00f6nnen. <\/p>\n\n\n\n<p class=\"has-text-align-left has-neve-text-color-color has-text-color\" style=\"font-size:17px\"><strong>Somit garantieren wir einen reibungsloseren Ablauf ohne auf Drittanbieter angewiesen zu sein.<\/strong><\/p>\n\n\n\n<div class=\"wp-container-21 is-horizontal is-content-justification-left wp-block-buttons\">\n<div class=\"wp-block-button is-style-primary\"><a class=\"wp-block-button__link\" href=\"mailto:info@hotla-bau.de\">WEITERE FRAGEN<\/a><\/div>\n<\/div>\n\n\n\n<div style=\"height:40px\" aria-hidden=\"true\" class=\"wp-block-spacer\"><\/div>\n<\/div>\n\n\n\n<div class=\"wp-container-23 wp-block-column is-vertically-aligned-center\" style=\"flex-basis:50%\">\n<figure class=\"wp-block-image size-large\"><img loading=\"lazy\" width=\"1024\" height=\"688\" src=\"https:\/\/www.hotla-bau.de\/wp-content\/uploads\/2022\/10\/Bagger-1024x688.jpg\" alt=\"\" class=\"wp-image-423\" srcset=\"https:\/\/www.hotla-bau.de\/wp-content\/uploads\/2022\/10\/Bagger-1024x688.jpg 1024w, https:\/\/www.hotla-bau.de\/wp-content\/uploads\/2022\/10\/Bagger-300x202.jpg 300w, https:\/\/www.hotla-bau.de\/wp-content\/uploads\/2022\/10\/Bagger-768x516.jpg 768w, https:\/\/www.hotla-bau.de\/wp-content\/uploads\/2022\/10\/Bagger.jpg 1134w\" sizes=\"(max-width: 1024px) 100vw, 1024px\" \/><figcaption>Excavator at Construction Site &#8211; digging foundations for house<\/figcaption><\/figure>\n<\/div>\n<\/div>\n\n\n\n<div style=\"height:40px\" aria-hidden=\"true\" class=\"wp-block-spacer\"><\/div>\n<\/div><\/div>\n<\/div><\/div>\n\n\n\n<div class=\"wp-block-cover alignfull\" style=\"min-height:600px\"><span aria-hidden=\"true\" class=\"wp-block-cover__background has-nv-dark-bg-background-color has-background-dim-100 has-background-dim\"><\/span><div class=\"wp-block-cover__inner-container\">\n<div class=\"wp-container-30 wp-block-group\"><div class=\"wp-block-group__inner-container\">\n<div style=\"height:80px\" aria-hidden=\"true\" class=\"wp-block-spacer\"><\/div>\n\n\n\n<div class=\"wp-container-29 wp-block-columns are-vertically-aligned-center\">\n<div class=\"wp-container-26 wp-block-column is-vertically-aligned-center\" style=\"flex-basis:50%\">\n<figure class=\"wp-block-image size-large\"><img loading=\"lazy\" width=\"1024\" height=\"497\" src=\"https:\/\/www.hotla-bau.de\/wp-content\/uploads\/2022\/10\/steine-1024x497.jpg\" alt=\"\" class=\"wp-image-424\" srcset=\"https:\/\/www.hotla-bau.de\/wp-content\/uploads\/2022\/10\/steine-1024x497.jpg 1024w, https:\/\/www.hotla-bau.de\/wp-content\/uploads\/2022\/10\/steine-300x146.jpg 300w, https:\/\/www.hotla-bau.de\/wp-content\/uploads\/2022\/10\/steine-768x373.jpg 768w, https:\/\/www.hotla-bau.de\/wp-content\/uploads\/2022\/10\/steine-1536x746.jpg 1536w, https:\/\/www.hotla-bau.de\/wp-content\/uploads\/2022\/10\/steine.jpg 1600w\" sizes=\"(max-width: 1024px) 100vw, 1024px\" \/><\/figure>\n<\/div>\n\n\n\n<div class=\"wp-container-28 wp-block-column is-vertically-aligned-center\" style=\"flex-basis:50%\">\n<div style=\"height:40px\" aria-hidden=\"true\" class=\"wp-block-spacer\"><\/div>\n\n\n\n<h2 class=\"has-text-align-left has-nv-text-dark-bg-color has-text-color\">L-Stein- &amp; Stufenarbeiten<\/h2>\n\n\n\n<p class=\"has-text-align-left has-nv-text-dark-bg-color has-text-color\" style=\"font-size:17px\">Abschlie\u00dfend geh\u00f6ren zu vielen Projekten auch die Verlegung von L-Steinen und\/oder Stufen. Gerne beraten wir Sie auch zu diesem Bereich und finden die beste L\u00f6sung f\u00fcr das richtige Einsatzgebiet. <\/p>\n\n\n\n<p class=\"has-text-align-left has-nv-text-dark-bg-color has-text-color\" style=\"font-size:17px\"><strong>Diese erledigen wir schnell und gewissenhaft und zu Ihrer Zufriedenheit.<\/strong><\/p>\n\n\n\n<div class=\"wp-container-27 is-horizontal is-content-justification-left wp-block-buttons\">\n<div class=\"wp-block-button is-style-primary\"><a class=\"wp-block-button__link\" href=\"mailto:info@hotla-bau.de\">JETZT ANFRAGEN<\/a><\/div>\n<\/div>\n<\/div>\n<\/div>\n\n\n\n<div style=\"height:50px\" aria-hidden=\"true\" class=\"wp-block-spacer\"><\/div>\n<\/div><\/div>\n<\/div><\/div>\n\n\n\n<div class=\"wp-block-cover alignfull is-light\" style=\"min-height:300px\"><span aria-hidden=\"true\" class=\"wp-block-cover__background has-background-dim-100 has-background-dim has-background-gradient\" style=\"background:linear-gradient(135deg,rgb(49,110,34) 0%,rgb(118,200,63) 100%)\"><\/span><div class=\"wp-block-cover__inner-container\">\n<div style=\"height:140px\" aria-hidden=\"true\" class=\"wp-block-spacer\"><\/div>\n\n\n\n<h2 class=\"has-text-align-center has-nv-text-dark-bg-color has-text-color\">Haben Sie noch Fragen?<\/h2>\n\n\n\n<p class=\"has-text-align-center\">Bitte nutzen Sie unser Kontaktformular.<\/p>\n\n\n\n<div class=\"wp-container-31 is-horizontal is-content-justification-center wp-block-buttons\">\n<div class=\"wp-block-button is-style-primary\"><a class=\"wp-block-button__link\" href=\"https:\/\/www.hotla-bau.de\/?page_id=75\">KONTAKT<\/a><\/div>\n<\/div>\n\n\n\n<div style=\"height:140px\" aria-hidden=\"true\" class=\"wp-block-spacer\"><\/div>\n<\/div><\/div>\n","protected":false},"excerpt":{"rendered":"<p>Termintreue Was wir versprechen das halten wir auch ein. Jede Arbeit braucht seine Zeit. Wir versichern Ihnen das wir Termine ernst nehmen und diese einhalten. Qualit\u00e4t Arbeiten erledigen wir stets zu Ihrer Zufriedenheit basiert auf langj\u00e4hriger Erfahrungen und das richtige Material. Schnelligkeit Wir erledigen auch kurzfristige Arbeiten sehr schnell und zuverl\u00e4ssig. Auch Notf\u00e4lle sind keine&hellip;&nbsp;<a href=\"https:\/\/www.hotla-bau.de\/\" class=\"\" rel=\"bookmark\">Weiterlesen &raquo;<span class=\"screen-reader-text\">Home<\/span><\/a><\/p>\n","protected":false},"author":1,"featured_media":0,"parent":0,"menu_order":0,"comment_status":"closed","ping_status":"closed","template":"","meta":{"neve_meta_sidebar":"default","neve_meta_container":"default","neve_meta_enable_content_width":"on","neve_meta_content_width":100,"neve_meta_title_alignment":"","neve_meta_author_avatar":"","neve_post_elements_order":"","neve_meta_disable_header":"","neve_meta_disable_footer":"","neve_meta_disable_title":"on","_ti_tpc_template_sync":false,"_ti_tpc_template_id":"cwhkd9lki581rusuhjti"},"_links":{"self":[{"href":"https:\/\/www.hotla-bau.de\/index.php?rest_route=\/wp\/v2\/pages\/308"}],"collection":[{"href":"https:\/\/www.hotla-bau.de\/index.php?rest_route=\/wp\/v2\/pages"}],"about":[{"href":"https:\/\/www.hotla-bau.de\/index.php?rest_route=\/wp\/v2\/types\/page"}],"author":[{"embeddable":true,"href":"https:\/\/www.hotla-bau.de\/index.php?rest_route=\/wp\/v2\/users\/1"}],"replies":[{"embeddable":true,"href":"https:\/\/www.hotla-bau.de\/index.php?rest_route=%2Fwp%2Fv2%2Fcomments&post=308"}],"version-history":[{"count":9,"href":"https:\/\/www.hotla-bau.de\/index.php?rest_route=\/wp\/v2\/pages\/308\/revisions"}],"predecessor-version":[{"id":425,"href":"https:\/\/www.hotla-bau.de\/index.php?rest_route=\/wp\/v2\/pages\/308\/revisions\/425"}],"wp:attachment":[{"href":"https:\/\/www.hotla-bau.de\/index.php?rest_route=%2Fwp%2Fv2%2Fmedia&parent=308"}],"curies":[{"name":"wp","href":"https:\/\/api.w.org\/{rel}","templated":true}]}}