{"id":61,"date":"2020-01-23T18:21:52","date_gmt":"2020-01-23T18:21:52","guid":{"rendered":"https:\/\/demosites.io\/web-agency-gb\/?page_id=61"},"modified":"2022-10-18T15:10:10","modified_gmt":"2022-10-18T15:10:10","slug":"15c42-web-agency-gb-about-us","status":"publish","type":"page","link":"https:\/\/www.hotla-bau.de\/?page_id=61","title":{"rendered":"\u00dcber uns"},"content":{"rendered":"\n<div class=\"wp-block-cover alignfull\" style=\"min-height:300px\"><span aria-hidden=\"true\" class=\"wp-block-cover__background has-nv-site-bg-background-color has-background-dim-100 has-background-dim\"><\/span><div class=\"wp-block-cover__inner-container\">\n<div class=\"wp-container-1 wp-block-group\"><div class=\"wp-block-group__inner-container\">\n<h1 class=\"has-text-align-left has-neve-text-color-color has-text-color\">\u00dcber uns<\/h1>\n<\/div><\/div>\n<\/div><\/div>\n\n\n\n<div class=\"wp-block-cover alignfull\" style=\"min-height:600px\"><span aria-hidden=\"true\" class=\"wp-block-cover__background has-nv-light-bg-background-color has-background-dim-100 has-background-dim\"><\/span><div class=\"wp-block-cover__inner-container\">\n<div class=\"wp-container-6 wp-block-group\"><div class=\"wp-block-group__inner-container\">\n<div style=\"height:80px\" aria-hidden=\"true\" class=\"wp-block-spacer\"><\/div>\n\n\n\n<div class=\"wp-container-5 wp-block-columns are-vertically-aligned-center\">\n<div class=\"wp-container-2 wp-block-column is-vertically-aligned-center\" style=\"flex-basis:50%\">\n<figure class=\"wp-block-image size-large\"><img loading=\"lazy\" width=\"1024\" height=\"618\" src=\"https:\/\/www.hotla-bau.de\/wp-content\/uploads\/2022\/10\/gartenbau_final-1-1024x618.jpg\" alt=\"\" class=\"wp-image-426\" srcset=\"https:\/\/www.hotla-bau.de\/wp-content\/uploads\/2022\/10\/gartenbau_final-1-1024x618.jpg 1024w, https:\/\/www.hotla-bau.de\/wp-content\/uploads\/2022\/10\/gartenbau_final-1-300x181.jpg 300w, https:\/\/www.hotla-bau.de\/wp-content\/uploads\/2022\/10\/gartenbau_final-1-768x463.jpg 768w, https:\/\/www.hotla-bau.de\/wp-content\/uploads\/2022\/10\/gartenbau_final-1.jpg 1134w\" sizes=\"(max-width: 1024px) 100vw, 1024px\" \/><\/figure>\n<\/div>\n\n\n\n<div class=\"wp-container-4 wp-block-column is-vertically-aligned-center\" style=\"flex-basis:50%\">\n<h2 class=\"has-neve-text-color-color has-text-color\">HOTLA BAU<\/h2>\n\n\n\n<p class=\"has-neve-text-color-color has-text-color\"><strong>Mit unserem Sitz in Ludwigshafen sind wir im Herzen der Metropolregion Rhein-Neckar. <\/strong><\/p>\n\n\n\n<p class=\"has-neve-text-color-color has-text-color\">Unsere langj\u00e4hrige Erfahrung und ein eigener Maschinenpark runden unsere qualitative Arbeit ab. Sowohl im Gartenbau als auch in allen damit zusammenh\u00e4ngende Arbeiten bringen wir Erfahrung und Kreativit\u00e4t mit. \u00dcberzeugen Sie sich selbst.<\/p>\n\n\n\n<div class=\"wp-container-3 wp-block-buttons\">\n<div class=\"wp-block-button is-style-primary\"><a class=\"wp-block-button__link\" href=\"https:\/\/www.hotla-bau.de\/?page_id=75\">JETZT KONTAKTIEREN<\/a><\/div>\n<\/div>\n<\/div>\n<\/div>\n\n\n\n<div style=\"height:40px\" aria-hidden=\"true\" class=\"wp-block-spacer\"><\/div>\n<\/div><\/div>\n<\/div><\/div>\n\n\n\n<p><\/p>\n\n\n\n<div class=\"wp-container-10 wp-block-columns\">\n<div class=\"wp-container-7 wp-block-column\"><div class=\"wp-block-image icon-style is-style-rounded\">\n<figure class=\"aligncenter size-full is-resized\"><img loading=\"lazy\" src=\"https:\/\/www.hotla-bau.de\/wp-content\/uploads\/2022\/10\/download.png\" alt=\"\" class=\"wp-image-365\" width=\"80\" height=\"80\" title=\"\" srcset=\"https:\/\/www.hotla-bau.de\/wp-content\/uploads\/2022\/10\/download.png 225w, https:\/\/www.hotla-bau.de\/wp-content\/uploads\/2022\/10\/download-150x150.png 150w\" sizes=\"(max-width: 80px) 100vw, 80px\" \/><\/figure><\/div>\n\n\n<h3 class=\"has-text-align-center has-neve-text-color-color has-text-color\">Termintreue<\/h3>\n\n\n\n<p class=\"has-text-align-center\">Was wir versprechen das halten wir auch ein. Jede Arbeit braucht seine Zeit. Wir versichern Ihnen das wir Termine ernst nehmen und diese einhalten.<\/p>\n\n\n\n<div style=\"height:20px\" aria-hidden=\"true\" class=\"wp-block-spacer\"><\/div>\n<\/div>\n\n\n\n<div class=\"wp-container-8 wp-block-column\"><div class=\"wp-block-image icon-style is-style-rounded\">\n<figure class=\"aligncenter size-full is-resized\"><img loading=\"lazy\" src=\"https:\/\/www.hotla-bau.de\/wp-content\/uploads\/2022\/10\/download.png\" alt=\"\" class=\"wp-image-365\" width=\"80\" height=\"80\" title=\"\" srcset=\"https:\/\/www.hotla-bau.de\/wp-content\/uploads\/2022\/10\/download.png 225w, https:\/\/www.hotla-bau.de\/wp-content\/uploads\/2022\/10\/download-150x150.png 150w\" sizes=\"(max-width: 80px) 100vw, 80px\" \/><\/figure><\/div>\n\n\n<h3 class=\"has-text-align-center has-neve-text-color-color has-text-color\">Qualit\u00e4t<\/h3>\n\n\n\n<p class=\"has-text-align-center\">Arbeiten erledigen wir stets zu Ihrer Zufriedenheit basiert auf langj\u00e4hriger Erfahrungen und das richtige Material.<\/p>\n\n\n\n<div style=\"height:20px\" aria-hidden=\"true\" class=\"wp-block-spacer\"><\/div>\n<\/div>\n\n\n\n<div class=\"wp-container-9 wp-block-column\"><div class=\"wp-block-image icon-style is-style-rounded\">\n<figure class=\"aligncenter size-full is-resized\"><img loading=\"lazy\" src=\"https:\/\/www.hotla-bau.de\/wp-content\/uploads\/2022\/10\/download.png\" alt=\"\" class=\"wp-image-365\" width=\"80\" height=\"80\" title=\"\" srcset=\"https:\/\/www.hotla-bau.de\/wp-content\/uploads\/2022\/10\/download.png 225w, https:\/\/www.hotla-bau.de\/wp-content\/uploads\/2022\/10\/download-150x150.png 150w\" sizes=\"(max-width: 80px) 100vw, 80px\" \/><\/figure><\/div>\n\n\n<h3 class=\"has-text-align-center has-neve-text-color-color has-text-color\">Schnelligkeit<\/h3>\n\n\n\n<p class=\"has-text-align-center\">Wir erledigen auch kurzfristige Arbeiten sehr schnell und zuverl\u00e4ssig. Auch Notf\u00e4lle sind keine Herausforderung f\u00fcr uns. Dazu gen\u00fcgt ein Anruf.<\/p>\n\n\n\n<div style=\"height:20px\" aria-hidden=\"true\" class=\"wp-block-spacer\"><\/div>\n<\/div>\n<\/div>\n","protected":false},"excerpt":{"rendered":"<p>Termintreue Was wir versprechen das halten wir auch ein. Jede Arbeit braucht seine Zeit. Wir versichern Ihnen das wir Termine ernst nehmen und diese einhalten. Qualit\u00e4t Arbeiten erledigen wir stets zu Ihrer Zufriedenheit basiert auf langj\u00e4hriger Erfahrungen und das richtige Material. Schnelligkeit Wir erledigen auch kurzfristige Arbeiten sehr schnell und zuverl\u00e4ssig. Auch Notf\u00e4lle sind keine&hellip;&nbsp;<a href=\"https:\/\/www.hotla-bau.de\/?page_id=61\" class=\"\" rel=\"bookmark\">Weiterlesen &raquo;<span class=\"screen-reader-text\">\u00dcber uns<\/span><\/a><\/p>\n","protected":false},"author":1,"featured_media":0,"parent":0,"menu_order":0,"comment_status":"closed","ping_status":"closed","template":"","meta":{"neve_meta_sidebar":"default","neve_meta_container":"default","neve_meta_enable_content_width":"on","neve_meta_content_width":100,"neve_meta_title_alignment":"","neve_meta_author_avatar":"","neve_post_elements_order":"","neve_meta_disable_header":"","neve_meta_disable_footer":"","neve_meta_disable_title":"on","_ti_tpc_template_sync":false,"_ti_tpc_template_id":"0qhau2t6eoekosrgo1a2"},"_links":{"self":[{"href":"https:\/\/www.hotla-bau.de\/index.php?rest_route=\/wp\/v2\/pages\/61"}],"collection":[{"href":"https:\/\/www.hotla-bau.de\/index.php?rest_route=\/wp\/v2\/pages"}],"about":[{"href":"https:\/\/www.hotla-bau.de\/index.php?rest_route=\/wp\/v2\/types\/page"}],"author":[{"embeddable":true,"href":"https:\/\/www.hotla-bau.de\/index.php?rest_route=\/wp\/v2\/users\/1"}],"replies":[{"embeddable":true,"href":"https:\/\/www.hotla-bau.de\/index.php?rest_route=%2Fwp%2Fv2%2Fcomments&post=61"}],"version-history":[{"count":4,"href":"https:\/\/www.hotla-bau.de\/index.php?rest_route=\/wp\/v2\/pages\/61\/revisions"}],"predecessor-version":[{"id":436,"href":"https:\/\/www.hotla-bau.de\/index.php?rest_route=\/wp\/v2\/pages\/61\/revisions\/436"}],"wp:attachment":[{"href":"https:\/\/www.hotla-bau.de\/index.php?rest_route=%2Fwp%2Fv2%2Fmedia&parent=61"}],"curies":[{"name":"wp","href":"https:\/\/api.w.org\/{rel}","templated":true}]}}